{"id":1170,"date":"2026-01-05T18:40:35","date_gmt":"2026-01-05T23:40:35","guid":{"rendered":"https:\/\/endurancerun.co\/?page_id=1170"},"modified":"2026-01-05T18:51:59","modified_gmt":"2026-01-05T23:51:59","slug":"corporativos","status":"publish","type":"page","link":"https:\/\/endurancerun.co\/?page_id=1170","title":{"rendered":"Corporativos"},"content":{"rendered":"<style>.kb-row-layout-id1170_a4fad6-5d > .kt-row-column-wrap{align-content:start;}:where(.kb-row-layout-id1170_a4fad6-5d > .kt-row-column-wrap) > .wp-block-kadence-column{justify-content:start;}.kb-row-layout-id1170_a4fad6-5d > .kt-row-column-wrap{column-gap:var(--global-kb-gap-md, 2rem);row-gap:var(--global-kb-gap-md, 2rem);padding-top:var(--global-kb-spacing-sm, 1.5rem);padding-bottom:var(--global-kb-spacing-sm, 1.5rem);grid-template-columns:minmax(0, 1fr);}.kb-row-layout-id1170_a4fad6-5d{background-color:#ff383e;}.kb-row-layout-id1170_a4fad6-5d > .kt-row-layout-overlay{opacity:0.30;}@media all and (max-width: 1024px){.kb-row-layout-id1170_a4fad6-5d > .kt-row-column-wrap{grid-template-columns:minmax(0, 1fr);}}@media all and (max-width: 767px){.kb-row-layout-id1170_a4fad6-5d > .kt-row-column-wrap{grid-template-columns:minmax(0, 1fr);}}<\/style><div class=\"kb-row-layout-wrap kb-row-layout-id1170_a4fad6-5d alignnone kt-row-has-bg wp-block-kadence-rowlayout\"><div class=\"kt-row-column-wrap kt-has-1-columns kt-row-layout-equal kt-tab-layout-inherit kt-mobile-layout-row kt-row-valign-top\">\n<style>.kadence-column1170_80e1a9-45 > .kt-inside-inner-col,.kadence-column1170_80e1a9-45 > .kt-inside-inner-col:before{border-top-left-radius:0px;border-top-right-radius:0px;border-bottom-right-radius:0px;border-bottom-left-radius:0px;}.kadence-column1170_80e1a9-45 > .kt-inside-inner-col{column-gap:var(--global-kb-gap-sm, 1rem);}.kadence-column1170_80e1a9-45 > .kt-inside-inner-col{flex-direction:column;}.kadence-column1170_80e1a9-45 > .kt-inside-inner-col > .aligncenter{width:100%;}.kadence-column1170_80e1a9-45 > .kt-inside-inner-col:before{opacity:0.3;}.kadence-column1170_80e1a9-45{position:relative;}@media all and (max-width: 1024px){.kadence-column1170_80e1a9-45 > .kt-inside-inner-col{flex-direction:column;justify-content:center;}}@media all and (max-width: 767px){.kadence-column1170_80e1a9-45 > .kt-inside-inner-col{flex-direction:column;justify-content:center;}}<\/style>\n<div class=\"wp-block-kadence-column kadence-column1170_80e1a9-45\"><div class=\"kt-inside-inner-col\"><style>.kb-row-layout-id1170_1d7e35-e1 > .kt-row-column-wrap{align-content:start;}:where(.kb-row-layout-id1170_1d7e35-e1 > .kt-row-column-wrap) > .wp-block-kadence-column{justify-content:start;}.kb-row-layout-id1170_1d7e35-e1 > .kt-row-column-wrap{column-gap:var(--global-kb-gap-md, 2rem);row-gap:var(--global-kb-gap-md, 2rem);padding-top:var(--global-kb-spacing-sm, 1.5rem);padding-bottom:var(--global-kb-spacing-sm, 1.5rem);grid-template-columns:minmax(0, 1fr) minmax(0, 2fr);}.kb-row-layout-id1170_1d7e35-e1 > .kt-row-layout-overlay{opacity:0.30;}@media all and (max-width: 1024px){.kb-row-layout-id1170_1d7e35-e1 > .kt-row-column-wrap{grid-template-columns:minmax(0, 1fr) minmax(0, 2fr);}}@media all and (max-width: 767px){.kb-row-layout-id1170_1d7e35-e1 > .kt-row-column-wrap{grid-template-columns:minmax(0, 1fr);}}<\/style><div class=\"kb-row-layout-wrap kb-row-layout-id1170_1d7e35-e1 alignnone wp-block-kadence-rowlayout\"><div class=\"kt-row-column-wrap kt-has-2-columns kt-row-layout-right-golden kt-tab-layout-inherit kt-mobile-layout-row kt-row-valign-top\">\n<style>.kadence-column1170_6f9068-b5 > .kt-inside-inner-col,.kadence-column1170_6f9068-b5 > .kt-inside-inner-col:before{border-top-left-radius:0px;border-top-right-radius:0px;border-bottom-right-radius:0px;border-bottom-left-radius:0px;}.kadence-column1170_6f9068-b5 > .kt-inside-inner-col{column-gap:var(--global-kb-gap-sm, 1rem);}.kadence-column1170_6f9068-b5 > .kt-inside-inner-col{flex-direction:column;}.kadence-column1170_6f9068-b5 > .kt-inside-inner-col > .aligncenter{width:100%;}.kadence-column1170_6f9068-b5 > .kt-inside-inner-col:before{opacity:0.3;}.kadence-column1170_6f9068-b5{position:relative;}@media all and (max-width: 1024px){.kadence-column1170_6f9068-b5 > .kt-inside-inner-col{flex-direction:column;justify-content:center;}}@media all and (max-width: 767px){.kadence-column1170_6f9068-b5 > .kt-inside-inner-col{flex-direction:column;justify-content:center;}}<\/style>\n<div class=\"wp-block-kadence-column kadence-column1170_6f9068-b5\"><div class=\"kt-inside-inner-col\"><style>.kb-image1170_63b266-45 .kb-image-has-overlay:after{opacity:0.3;}<\/style>\n<figure class=\"wp-block-kadence-image kb-image1170_63b266-45 size-full\"><a href=\"https:\/\/endurancerun.co\/?page_id=37\" class=\"kb-advanced-image-link\"><img loading=\"lazy\" decoding=\"async\" width=\"407\" height=\"69\" src=\"https:\/\/endurancerun.co\/wp-content\/uploads\/2025\/12\/titulo-programas.png\" alt=\"\" class=\"kb-img wp-image-909\" srcset=\"https:\/\/endurancerun.co\/wp-content\/uploads\/2025\/12\/titulo-programas.png 407w, https:\/\/endurancerun.co\/wp-content\/uploads\/2025\/12\/titulo-programas-300x51.png 300w\" sizes=\"auto, (max-width: 407px) 100vw, 407px\" \/><\/a><\/figure>\n\n\n<style>.kb-image1170_f664da-74 .kb-image-has-overlay:after{opacity:0.3;}<\/style>\n<figure class=\"wp-block-kadence-image kb-image1170_f664da-74 size-large\"><img loading=\"lazy\" decoding=\"async\" width=\"661\" height=\"1024\" src=\"https:\/\/endurancerun.co\/wp-content\/uploads\/2026\/01\/corporativo-661x1024.png\" alt=\"\" class=\"kb-img wp-image-1183\" srcset=\"https:\/\/endurancerun.co\/wp-content\/uploads\/2026\/01\/corporativo-661x1024.png 661w, https:\/\/endurancerun.co\/wp-content\/uploads\/2026\/01\/corporativo-194x300.png 194w, https:\/\/endurancerun.co\/wp-content\/uploads\/2026\/01\/corporativo-768x1190.png 768w, https:\/\/endurancerun.co\/wp-content\/uploads\/2026\/01\/corporativo-991x1536.png 991w, https:\/\/endurancerun.co\/wp-content\/uploads\/2026\/01\/corporativo-1322x2048.png 1322w, https:\/\/endurancerun.co\/wp-content\/uploads\/2026\/01\/corporativo-1320x2045.png 1320w, https:\/\/endurancerun.co\/wp-content\/uploads\/2026\/01\/corporativo-600x930.png 600w, https:\/\/endurancerun.co\/wp-content\/uploads\/2026\/01\/corporativo.png 1571w\" sizes=\"auto, (max-width: 661px) 100vw, 661px\" \/><\/figure>\n<\/div><\/div>\n\n\n<style>.kadence-column1170_1976c0-68 > .kt-inside-inner-col,.kadence-column1170_1976c0-68 > .kt-inside-inner-col:before{border-top-left-radius:0px;border-top-right-radius:0px;border-bottom-right-radius:0px;border-bottom-left-radius:0px;}.kadence-column1170_1976c0-68 > .kt-inside-inner-col{column-gap:var(--global-kb-gap-sm, 1rem);}.kadence-column1170_1976c0-68 > .kt-inside-inner-col{flex-direction:column;}.kadence-column1170_1976c0-68 > .kt-inside-inner-col > .aligncenter{width:100%;}.kadence-column1170_1976c0-68 > .kt-inside-inner-col:before{opacity:0.3;}.kadence-column1170_1976c0-68{position:relative;}@media all and (max-width: 1024px){.kadence-column1170_1976c0-68 > .kt-inside-inner-col{flex-direction:column;justify-content:center;}}@media all and (max-width: 767px){.kadence-column1170_1976c0-68 > .kt-inside-inner-col{flex-direction:column;justify-content:center;}}<\/style>\n<div class=\"wp-block-kadence-column kadence-column1170_1976c0-68\"><div class=\"kt-inside-inner-col\"><style>.wp-block-kadence-advancedheading.kt-adv-heading1170_fadeb3-9b, .wp-block-kadence-advancedheading.kt-adv-heading1170_fadeb3-9b[data-kb-block=\"kb-adv-heading1170_fadeb3-9b\"]{text-align:left;font-size:var(--global-kb-font-size-xl, 3rem);font-style:normal;}.wp-block-kadence-advancedheading.kt-adv-heading1170_fadeb3-9b mark.kt-highlight, .wp-block-kadence-advancedheading.kt-adv-heading1170_fadeb3-9b[data-kb-block=\"kb-adv-heading1170_fadeb3-9b\"] mark.kt-highlight{font-style:normal;color:#f76a0c;-webkit-box-decoration-break:clone;box-decoration-break:clone;padding-top:0px;padding-right:0px;padding-bottom:0px;padding-left:0px;}.wp-block-kadence-advancedheading.kt-adv-heading1170_fadeb3-9b img.kb-inline-image, .wp-block-kadence-advancedheading.kt-adv-heading1170_fadeb3-9b[data-kb-block=\"kb-adv-heading1170_fadeb3-9b\"] img.kb-inline-image{width:150px;vertical-align:baseline;}<\/style>\n<h1 class=\"kt-adv-heading1170_fadeb3-9b wp-block-kadence-advancedheading\" data-kb-block=\"kb-adv-heading1170_fadeb3-9b\"><strong><mark style=\"background-color:rgba(0, 0, 0, 0)\" class=\"has-inline-color has-theme-palette-10-color\">CORPORATIVOS<\/mark><\/strong><\/h1>\n\n\n<style>.wp-block-kadence-advancedheading.kt-adv-heading1170_da467b-a0, .wp-block-kadence-advancedheading.kt-adv-heading1170_da467b-a0[data-kb-block=\"kb-adv-heading1170_da467b-a0\"]{font-style:normal;}.wp-block-kadence-advancedheading.kt-adv-heading1170_da467b-a0 mark.kt-highlight, .wp-block-kadence-advancedheading.kt-adv-heading1170_da467b-a0[data-kb-block=\"kb-adv-heading1170_da467b-a0\"] mark.kt-highlight{font-style:normal;color:#f76a0c;-webkit-box-decoration-break:clone;box-decoration-break:clone;padding-top:0px;padding-right:0px;padding-bottom:0px;padding-left:0px;}.wp-block-kadence-advancedheading.kt-adv-heading1170_da467b-a0 img.kb-inline-image, .wp-block-kadence-advancedheading.kt-adv-heading1170_da467b-a0[data-kb-block=\"kb-adv-heading1170_da467b-a0\"] img.kb-inline-image{width:150px;vertical-align:baseline;}<\/style>\n<h4 class=\"kt-adv-heading1170_da467b-a0 wp-block-kadence-advancedheading\" data-kb-block=\"kb-adv-heading1170_da467b-a0\"><mark style=\"background-color:rgba(0, 0, 0, 0)\" class=\"has-inline-color has-theme-palette-9-color\"><strong><strong>Porque un equipo fuerte se entrena.<\/strong><\/strong><\/mark><\/h4>\n\n\n<style>.wp-block-kadence-advancedheading.kt-adv-heading1170_8253bb-dd, .wp-block-kadence-advancedheading.kt-adv-heading1170_8253bb-dd[data-kb-block=\"kb-adv-heading1170_8253bb-dd\"]{font-style:normal;}.wp-block-kadence-advancedheading.kt-adv-heading1170_8253bb-dd mark.kt-highlight, .wp-block-kadence-advancedheading.kt-adv-heading1170_8253bb-dd[data-kb-block=\"kb-adv-heading1170_8253bb-dd\"] mark.kt-highlight{font-style:normal;color:#f76a0c;-webkit-box-decoration-break:clone;box-decoration-break:clone;padding-top:0px;padding-right:0px;padding-bottom:0px;padding-left:0px;}.wp-block-kadence-advancedheading.kt-adv-heading1170_8253bb-dd img.kb-inline-image, .wp-block-kadence-advancedheading.kt-adv-heading1170_8253bb-dd[data-kb-block=\"kb-adv-heading1170_8253bb-dd\"] img.kb-inline-image{width:150px;vertical-align:baseline;}<\/style>\n<p class=\"kt-adv-heading1170_8253bb-dd wp-block-kadence-advancedheading\" data-kb-block=\"kb-adv-heading1170_8253bb-dd\"><mark style=\"background-color:rgba(0, 0, 0, 0)\" class=\"has-inline-color has-theme-palette-9-color\"><br>El deporte es tambi\u00e9n una herramienta de transformaci\u00f3n organizacional. Ac\u00e1 est\u00e1 las empresas que creen en el poder del movimiento, la salud y el bienestar de sus equipos. Creamos experiencias deportivas \u00fanicas, retos colectivos, participaci\u00f3n en eventos, entrenamientos llenos de energ\u00eda y sentido. Desde la pista al lugar de trabajo, sembramos h\u00e1bitos, fortalecemos v\u00ednculos y cultivamos salud f\u00edsica y emocional. Este programa transforma el \u201ctrabajo en equipo\u201d en una experiencia vital.<\/mark><\/p>\n<\/div><\/div>\n\n<\/div><\/div><\/div><\/div>\n\n<\/div><\/div>","protected":false},"excerpt":{"rendered":"<p>CORPORATIVOS Porque un equipo fuerte se entrena. El deporte es tambi\u00e9n una herramienta de transformaci\u00f3n organizacional. Ac\u00e1 est\u00e1 las empresas que creen en el poder del movimiento, la salud y el bienestar de sus equipos. Creamos experiencias deportivas \u00fanicas, retos colectivos, participaci\u00f3n en eventos, entrenamientos llenos de energ\u00eda y sentido. Desde la pista al lugar&#8230;<\/p>\n","protected":false},"author":1,"featured_media":0,"parent":0,"menu_order":0,"comment_status":"closed","ping_status":"closed","template":"","meta":{"_kadence_starter_templates_imported_post":false,"_kad_post_transparent":"","_kad_post_title":"hide","_kad_post_layout":"","_kad_post_sidebar_id":"","_kad_post_content_style":"","_kad_post_vertical_padding":"","_kad_post_feature":"","_kad_post_feature_position":"","_kad_post_header":false,"_kad_post_footer":false,"_kad_post_classname":"","footnotes":""},"class_list":["post-1170","page","type-page","status-publish","hentry"],"jetpack_sharing_enabled":true,"_links":{"self":[{"href":"https:\/\/endurancerun.co\/index.php?rest_route=\/wp\/v2\/pages\/1170","targetHints":{"allow":["GET"]}}],"collection":[{"href":"https:\/\/endurancerun.co\/index.php?rest_route=\/wp\/v2\/pages"}],"about":[{"href":"https:\/\/endurancerun.co\/index.php?rest_route=\/wp\/v2\/types\/page"}],"author":[{"embeddable":true,"href":"https:\/\/endurancerun.co\/index.php?rest_route=\/wp\/v2\/users\/1"}],"replies":[{"embeddable":true,"href":"https:\/\/endurancerun.co\/index.php?rest_route=%2Fwp%2Fv2%2Fcomments&post=1170"}],"version-history":[{"count":4,"href":"https:\/\/endurancerun.co\/index.php?rest_route=\/wp\/v2\/pages\/1170\/revisions"}],"predecessor-version":[{"id":1184,"href":"https:\/\/endurancerun.co\/index.php?rest_route=\/wp\/v2\/pages\/1170\/revisions\/1184"}],"wp:attachment":[{"href":"https:\/\/endurancerun.co\/index.php?rest_route=%2Fwp%2Fv2%2Fmedia&parent=1170"}],"curies":[{"name":"wp","href":"https:\/\/api.w.org\/{rel}","templated":true}]}}