{"id":1168,"date":"2026-01-05T18:39:31","date_gmt":"2026-01-05T23:39:31","guid":{"rendered":"https:\/\/endurancerun.co\/?page_id=1168"},"modified":"2026-01-07T14:29:42","modified_gmt":"2026-01-07T19:29:42","slug":"sub-elites","status":"publish","type":"page","link":"https:\/\/endurancerun.co\/?page_id=1168","title":{"rendered":"Sub Elites"},"content":{"rendered":"<style>.kb-row-layout-id1168_80aab8-99 > .kt-row-column-wrap{align-content:start;}:where(.kb-row-layout-id1168_80aab8-99 > .kt-row-column-wrap) > .wp-block-kadence-column{justify-content:start;}.kb-row-layout-id1168_80aab8-99 > .kt-row-column-wrap{column-gap:var(--global-kb-gap-md, 2rem);row-gap:var(--global-kb-gap-md, 2rem);padding-top:var(--global-kb-spacing-sm, 1.5rem);padding-bottom:var(--global-kb-spacing-sm, 1.5rem);grid-template-columns:minmax(0, 1fr);}.kb-row-layout-id1168_80aab8-99{background-color:#ff383e;}.kb-row-layout-id1168_80aab8-99 > .kt-row-layout-overlay{opacity:0.30;}@media all and (max-width: 1024px){.kb-row-layout-id1168_80aab8-99 > .kt-row-column-wrap{grid-template-columns:minmax(0, 1fr);}}@media all and (max-width: 767px){.kb-row-layout-id1168_80aab8-99 > .kt-row-column-wrap{grid-template-columns:minmax(0, 1fr);}}<\/style><div class=\"kb-row-layout-wrap kb-row-layout-id1168_80aab8-99 alignnone kt-row-has-bg wp-block-kadence-rowlayout\"><div class=\"kt-row-column-wrap kt-has-1-columns kt-row-layout-equal kt-tab-layout-inherit kt-mobile-layout-row kt-row-valign-top\">\n<style>.kadence-column1168_cb9d2f-df > .kt-inside-inner-col,.kadence-column1168_cb9d2f-df > .kt-inside-inner-col:before{border-top-left-radius:0px;border-top-right-radius:0px;border-bottom-right-radius:0px;border-bottom-left-radius:0px;}.kadence-column1168_cb9d2f-df > .kt-inside-inner-col{column-gap:var(--global-kb-gap-sm, 1rem);}.kadence-column1168_cb9d2f-df > .kt-inside-inner-col{flex-direction:column;}.kadence-column1168_cb9d2f-df > .kt-inside-inner-col > .aligncenter{width:100%;}.kadence-column1168_cb9d2f-df > .kt-inside-inner-col:before{opacity:0.3;}.kadence-column1168_cb9d2f-df{position:relative;}@media all and (max-width: 1024px){.kadence-column1168_cb9d2f-df > .kt-inside-inner-col{flex-direction:column;justify-content:center;}}@media all and (max-width: 767px){.kadence-column1168_cb9d2f-df > .kt-inside-inner-col{flex-direction:column;justify-content:center;}}<\/style>\n<div class=\"wp-block-kadence-column kadence-column1168_cb9d2f-df\"><div class=\"kt-inside-inner-col\"><style>.kb-row-layout-id1168_d8a3ba-9d > .kt-row-column-wrap{align-content:start;}:where(.kb-row-layout-id1168_d8a3ba-9d > .kt-row-column-wrap) > .wp-block-kadence-column{justify-content:start;}.kb-row-layout-id1168_d8a3ba-9d > .kt-row-column-wrap{column-gap:var(--global-kb-gap-md, 2rem);row-gap:var(--global-kb-gap-md, 2rem);padding-top:var(--global-kb-spacing-sm, 1.5rem);padding-bottom:var(--global-kb-spacing-sm, 1.5rem);grid-template-columns:minmax(0, 1fr) minmax(0, 2fr);}.kb-row-layout-id1168_d8a3ba-9d > .kt-row-layout-overlay{opacity:0.30;}@media all and (max-width: 1024px){.kb-row-layout-id1168_d8a3ba-9d > .kt-row-column-wrap{grid-template-columns:minmax(0, 1fr) minmax(0, 2fr);}}@media all and (max-width: 767px){.kb-row-layout-id1168_d8a3ba-9d > .kt-row-column-wrap{grid-template-columns:minmax(0, 1fr);}}<\/style><div class=\"kb-row-layout-wrap kb-row-layout-id1168_d8a3ba-9d alignnone wp-block-kadence-rowlayout\"><div class=\"kt-row-column-wrap kt-has-2-columns kt-row-layout-right-golden kt-tab-layout-inherit kt-mobile-layout-row kt-row-valign-top\">\n<style>.kadence-column1168_e0dc34-07 > .kt-inside-inner-col,.kadence-column1168_e0dc34-07 > .kt-inside-inner-col:before{border-top-left-radius:0px;border-top-right-radius:0px;border-bottom-right-radius:0px;border-bottom-left-radius:0px;}.kadence-column1168_e0dc34-07 > .kt-inside-inner-col{column-gap:var(--global-kb-gap-sm, 1rem);}.kadence-column1168_e0dc34-07 > .kt-inside-inner-col{flex-direction:column;}.kadence-column1168_e0dc34-07 > .kt-inside-inner-col > .aligncenter{width:100%;}.kadence-column1168_e0dc34-07 > .kt-inside-inner-col:before{opacity:0.3;}.kadence-column1168_e0dc34-07{position:relative;}@media all and (max-width: 1024px){.kadence-column1168_e0dc34-07 > .kt-inside-inner-col{flex-direction:column;justify-content:center;}}@media all and (max-width: 767px){.kadence-column1168_e0dc34-07 > .kt-inside-inner-col{flex-direction:column;justify-content:center;}}<\/style>\n<div class=\"wp-block-kadence-column kadence-column1168_e0dc34-07\"><div class=\"kt-inside-inner-col\"><style>.kb-image1168_2647cb-a3 .kb-image-has-overlay:after{opacity:0.3;}<\/style>\n<figure class=\"wp-block-kadence-image kb-image1168_2647cb-a3 size-full\"><a href=\"https:\/\/endurancerun.co\/?page_id=37\" class=\"kb-advanced-image-link\"><img loading=\"lazy\" decoding=\"async\" width=\"407\" height=\"69\" src=\"https:\/\/endurancerun.co\/wp-content\/uploads\/2025\/12\/titulo-programas.png\" alt=\"\" class=\"kb-img wp-image-909\" srcset=\"https:\/\/endurancerun.co\/wp-content\/uploads\/2025\/12\/titulo-programas.png 407w, https:\/\/endurancerun.co\/wp-content\/uploads\/2025\/12\/titulo-programas-300x51.png 300w\" sizes=\"auto, (max-width: 407px) 100vw, 407px\" \/><\/a><\/figure>\n\n\n<style>.kb-image1168_608b07-4a .kb-image-has-overlay:after{opacity:0.3;}<\/style>\n<figure class=\"wp-block-kadence-image kb-image1168_608b07-4a size-large\"><img loading=\"lazy\" decoding=\"async\" width=\"682\" height=\"1024\" src=\"https:\/\/endurancerun.co\/wp-content\/uploads\/2026\/01\/subelites-2-682x1024.jpeg\" alt=\"\" class=\"kb-img wp-image-1179\" srcset=\"https:\/\/endurancerun.co\/wp-content\/uploads\/2026\/01\/subelites-2-682x1024.jpeg 682w, https:\/\/endurancerun.co\/wp-content\/uploads\/2026\/01\/subelites-2-200x300.jpeg 200w, https:\/\/endurancerun.co\/wp-content\/uploads\/2026\/01\/subelites-2-768x1153.jpeg 768w, https:\/\/endurancerun.co\/wp-content\/uploads\/2026\/01\/subelites-2-600x901.jpeg 600w, https:\/\/endurancerun.co\/wp-content\/uploads\/2026\/01\/subelites-2.jpeg 999w\" sizes=\"auto, (max-width: 682px) 100vw, 682px\" \/><\/figure>\n<\/div><\/div>\n\n\n<style>.kadence-column1168_24fcd0-00 > .kt-inside-inner-col,.kadence-column1168_24fcd0-00 > .kt-inside-inner-col:before{border-top-left-radius:0px;border-top-right-radius:0px;border-bottom-right-radius:0px;border-bottom-left-radius:0px;}.kadence-column1168_24fcd0-00 > .kt-inside-inner-col{column-gap:var(--global-kb-gap-sm, 1rem);}.kadence-column1168_24fcd0-00 > .kt-inside-inner-col{flex-direction:column;}.kadence-column1168_24fcd0-00 > .kt-inside-inner-col > .aligncenter{width:100%;}.kadence-column1168_24fcd0-00 > .kt-inside-inner-col:before{opacity:0.3;}.kadence-column1168_24fcd0-00{position:relative;}@media all and (max-width: 1024px){.kadence-column1168_24fcd0-00 > .kt-inside-inner-col{flex-direction:column;justify-content:center;}}@media all and (max-width: 767px){.kadence-column1168_24fcd0-00 > .kt-inside-inner-col{flex-direction:column;justify-content:center;}}<\/style>\n<div class=\"wp-block-kadence-column kadence-column1168_24fcd0-00\"><div class=\"kt-inside-inner-col\"><style>.wp-block-kadence-advancedheading.kt-adv-heading1168_1bd421-9a, .wp-block-kadence-advancedheading.kt-adv-heading1168_1bd421-9a[data-kb-block=\"kb-adv-heading1168_1bd421-9a\"]{text-align:left;font-size:var(--global-kb-font-size-xl, 3rem);font-style:normal;}.wp-block-kadence-advancedheading.kt-adv-heading1168_1bd421-9a mark.kt-highlight, .wp-block-kadence-advancedheading.kt-adv-heading1168_1bd421-9a[data-kb-block=\"kb-adv-heading1168_1bd421-9a\"] mark.kt-highlight{font-style:normal;color:#f76a0c;-webkit-box-decoration-break:clone;box-decoration-break:clone;padding-top:0px;padding-right:0px;padding-bottom:0px;padding-left:0px;}.wp-block-kadence-advancedheading.kt-adv-heading1168_1bd421-9a img.kb-inline-image, .wp-block-kadence-advancedheading.kt-adv-heading1168_1bd421-9a[data-kb-block=\"kb-adv-heading1168_1bd421-9a\"] img.kb-inline-image{width:150px;vertical-align:baseline;}<\/style>\n<h1 class=\"kt-adv-heading1168_1bd421-9a wp-block-kadence-advancedheading\" data-kb-block=\"kb-adv-heading1168_1bd421-9a\"><strong><mark style=\"background-color:rgba(0, 0, 0, 0)\" class=\"has-inline-color has-theme-palette-10-color\">SUB ELITES<\/mark><\/strong><\/h1>\n\n\n<style>.wp-block-kadence-advancedheading.kt-adv-heading1168_d669ac-f6, .wp-block-kadence-advancedheading.kt-adv-heading1168_d669ac-f6[data-kb-block=\"kb-adv-heading1168_d669ac-f6\"]{font-style:normal;}.wp-block-kadence-advancedheading.kt-adv-heading1168_d669ac-f6 mark.kt-highlight, .wp-block-kadence-advancedheading.kt-adv-heading1168_d669ac-f6[data-kb-block=\"kb-adv-heading1168_d669ac-f6\"] mark.kt-highlight{font-style:normal;color:#f76a0c;-webkit-box-decoration-break:clone;box-decoration-break:clone;padding-top:0px;padding-right:0px;padding-bottom:0px;padding-left:0px;}.wp-block-kadence-advancedheading.kt-adv-heading1168_d669ac-f6 img.kb-inline-image, .wp-block-kadence-advancedheading.kt-adv-heading1168_d669ac-f6[data-kb-block=\"kb-adv-heading1168_d669ac-f6\"] img.kb-inline-image{width:150px;vertical-align:baseline;}<\/style>\n<h4 class=\"kt-adv-heading1168_d669ac-f6 wp-block-kadence-advancedheading\" data-kb-block=\"kb-adv-heading1168_d669ac-f6\"><mark style=\"background-color:rgba(0, 0, 0, 0)\" class=\"has-inline-color has-theme-palette-9-color\"><strong><strong>Profesionales en la vida y en el atletismo.<\/strong><\/strong><\/mark><\/h4>\n\n\n<style>.wp-block-kadence-advancedheading.kt-adv-heading1168_9e2fa2-96, .wp-block-kadence-advancedheading.kt-adv-heading1168_9e2fa2-96[data-kb-block=\"kb-adv-heading1168_9e2fa2-96\"]{font-style:normal;}.wp-block-kadence-advancedheading.kt-adv-heading1168_9e2fa2-96 mark.kt-highlight, .wp-block-kadence-advancedheading.kt-adv-heading1168_9e2fa2-96[data-kb-block=\"kb-adv-heading1168_9e2fa2-96\"] mark.kt-highlight{font-style:normal;color:#f76a0c;-webkit-box-decoration-break:clone;box-decoration-break:clone;padding-top:0px;padding-right:0px;padding-bottom:0px;padding-left:0px;}.wp-block-kadence-advancedheading.kt-adv-heading1168_9e2fa2-96 img.kb-inline-image, .wp-block-kadence-advancedheading.kt-adv-heading1168_9e2fa2-96[data-kb-block=\"kb-adv-heading1168_9e2fa2-96\"] img.kb-inline-image{width:150px;vertical-align:baseline;}<\/style>\n<p class=\"kt-adv-heading1168_9e2fa2-96 wp-block-kadence-advancedheading\" data-kb-block=\"kb-adv-heading1168_9e2fa2-96\"><mark style=\"background-color:rgba(0, 0, 0, 0)\" class=\"has-inline-color has-theme-palette-9-color\"><br>Hay atletas que, aun con una vida profesional o laboral fuera del deporte, poseen un talento excepcional y una determinaci\u00f3n que los pone un paso m\u00e1s all\u00e1. El programa Sub \u00c9lite de Endurance Runners es para ellos: corredores que combinan su pasi\u00f3n por el alto nivel con una rutina profesional diaria exigente, sin renunciar a sus sue\u00f1os competitivos. Con metodolog\u00edas avanzadas, entrenamientos eficientes y acompa\u00f1amiento especializado, este grupo representa la fuerza silenciosa del atletismo que no se detiene.<br>Porque tener un trabajo y una vida profesional no significa dejar de ser un atleta de alto nivel.<\/mark><\/p>\n\n\n<style>.wp-block-kadence-advancedbtn.kb-btns1168_9566e4-ab{gap:var(--global-kb-gap-xs, 0.5rem );justify-content:flex-start;align-items:center;}.kt-btns1168_9566e4-ab .kt-button{font-weight:normal;font-style:normal;}.kt-btns1168_9566e4-ab .kt-btn-wrap-0{margin-right:5px;}.wp-block-kadence-advancedbtn.kt-btns1168_9566e4-ab .kt-btn-wrap-0 .kt-button{color:#555555;border-color:#555555;}.wp-block-kadence-advancedbtn.kt-btns1168_9566e4-ab .kt-btn-wrap-0 .kt-button:hover, .wp-block-kadence-advancedbtn.kt-btns1168_9566e4-ab .kt-btn-wrap-0 .kt-button:focus{color:#ffffff;border-color:#444444;}.wp-block-kadence-advancedbtn.kt-btns1168_9566e4-ab .kt-btn-wrap-0 .kt-button::before{display:none;}.wp-block-kadence-advancedbtn.kt-btns1168_9566e4-ab .kt-btn-wrap-0 .kt-button:hover, .wp-block-kadence-advancedbtn.kt-btns1168_9566e4-ab .kt-btn-wrap-0 .kt-button:focus{background:#444444;}<\/style>\n<div class=\"wp-block-kadence-advancedbtn kb-buttons-wrap kb-btns1168_9566e4-ab\"><style>ul.menu .wp-block-kadence-advancedbtn .kb-btn1168_6228d3-66.kb-button{width:initial;}.wp-block-kadence-advancedbtn .kb-btn1168_6228d3-66.kb-button{color:var(--global-palette3, #1A202C);background:var(--global-palette9, #ffffff);}<\/style><a class=\"kb-button kt-button button kb-btn1168_6228d3-66 kt-btn-size-standard kt-btn-width-type-auto kb-btn-global-fill  kt-btn-has-text-true kt-btn-has-svg-false  wp-block-kadence-singlebtn\" href=\"https:\/\/app.endurancerun.co\/inscripcion\/sub-elite\/\" target=\"_blank\" rel=\"noreferrer noopener\"><span class=\"kt-btn-inner-text\">Inscr\u00edbete ahora<\/span><\/a><\/div>\n\n\n<style>.kb-image1168_669c37-20 .kb-image-has-overlay:after{opacity:0.3;}<\/style>\n<figure class=\"wp-block-kadence-image kb-image1168_669c37-20 size-large\"><img loading=\"lazy\" decoding=\"async\" width=\"1024\" height=\"576\" src=\"https:\/\/endurancerun.co\/wp-content\/uploads\/2026\/01\/subelites-1024x576.jpeg\" alt=\"\" class=\"kb-img wp-image-1177\" srcset=\"https:\/\/endurancerun.co\/wp-content\/uploads\/2026\/01\/subelites-1024x576.jpeg 1024w, https:\/\/endurancerun.co\/wp-content\/uploads\/2026\/01\/subelites-300x169.jpeg 300w, https:\/\/endurancerun.co\/wp-content\/uploads\/2026\/01\/subelites-768x432.jpeg 768w, https:\/\/endurancerun.co\/wp-content\/uploads\/2026\/01\/subelites-1536x864.jpeg 1536w, https:\/\/endurancerun.co\/wp-content\/uploads\/2026\/01\/subelites-1320x743.jpeg 1320w, https:\/\/endurancerun.co\/wp-content\/uploads\/2026\/01\/subelites-600x338.jpeg 600w, https:\/\/endurancerun.co\/wp-content\/uploads\/2026\/01\/subelites.jpeg 1600w\" sizes=\"auto, (max-width: 1024px) 100vw, 1024px\" \/><\/figure>\n<\/div><\/div>\n\n<\/div><\/div><\/div><\/div>\n\n<\/div><\/div>","protected":false},"excerpt":{"rendered":"<p>SUB ELITES Profesionales en la vida y en el atletismo. Hay atletas que, aun con una vida profesional o laboral fuera del deporte, poseen un talento excepcional y una determinaci\u00f3n que los pone un paso m\u00e1s all\u00e1. El programa Sub \u00c9lite de Endurance Runners es para ellos: corredores que combinan su pasi\u00f3n por el alto&#8230;<\/p>\n","protected":false},"author":1,"featured_media":0,"parent":0,"menu_order":0,"comment_status":"closed","ping_status":"closed","template":"","meta":{"_kadence_starter_templates_imported_post":false,"_kad_post_transparent":"","_kad_post_title":"hide","_kad_post_layout":"","_kad_post_sidebar_id":"","_kad_post_content_style":"","_kad_post_vertical_padding":"","_kad_post_feature":"","_kad_post_feature_position":"","_kad_post_header":false,"_kad_post_footer":false,"_kad_post_classname":"","footnotes":""},"class_list":["post-1168","page","type-page","status-publish","hentry"],"jetpack_sharing_enabled":true,"_links":{"self":[{"href":"https:\/\/endurancerun.co\/index.php?rest_route=\/wp\/v2\/pages\/1168","targetHints":{"allow":["GET"]}}],"collection":[{"href":"https:\/\/endurancerun.co\/index.php?rest_route=\/wp\/v2\/pages"}],"about":[{"href":"https:\/\/endurancerun.co\/index.php?rest_route=\/wp\/v2\/types\/page"}],"author":[{"embeddable":true,"href":"https:\/\/endurancerun.co\/index.php?rest_route=\/wp\/v2\/users\/1"}],"replies":[{"embeddable":true,"href":"https:\/\/endurancerun.co\/index.php?rest_route=%2Fwp%2Fv2%2Fcomments&post=1168"}],"version-history":[{"count":5,"href":"https:\/\/endurancerun.co\/index.php?rest_route=\/wp\/v2\/pages\/1168\/revisions"}],"predecessor-version":[{"id":1197,"href":"https:\/\/endurancerun.co\/index.php?rest_route=\/wp\/v2\/pages\/1168\/revisions\/1197"}],"wp:attachment":[{"href":"https:\/\/endurancerun.co\/index.php?rest_route=%2Fwp%2Fv2%2Fmedia&parent=1168"}],"curies":[{"name":"wp","href":"https:\/\/api.w.org\/{rel}","templated":true}]}}