{"id":1166,"date":"2026-01-05T18:38:46","date_gmt":"2026-01-05T23:38:46","guid":{"rendered":"https:\/\/endurancerun.co\/?page_id=1166"},"modified":"2026-01-07T14:18:37","modified_gmt":"2026-01-07T19:18:37","slug":"elites","status":"publish","type":"page","link":"https:\/\/endurancerun.co\/?page_id=1166","title":{"rendered":"Elites"},"content":{"rendered":"<style>.kb-row-layout-id1166_bbab3e-ab > .kt-row-column-wrap{align-content:start;}:where(.kb-row-layout-id1166_bbab3e-ab > .kt-row-column-wrap) > .wp-block-kadence-column{justify-content:start;}.kb-row-layout-id1166_bbab3e-ab > .kt-row-column-wrap{column-gap:var(--global-kb-gap-md, 2rem);row-gap:var(--global-kb-gap-md, 2rem);padding-top:var(--global-kb-spacing-sm, 1.5rem);padding-bottom:var(--global-kb-spacing-sm, 1.5rem);grid-template-columns:minmax(0, 1fr);}.kb-row-layout-id1166_bbab3e-ab{background-color:#ff383e;}.kb-row-layout-id1166_bbab3e-ab > .kt-row-layout-overlay{opacity:0.30;}@media all and (max-width: 1024px){.kb-row-layout-id1166_bbab3e-ab > .kt-row-column-wrap{grid-template-columns:minmax(0, 1fr);}}@media all and (max-width: 767px){.kb-row-layout-id1166_bbab3e-ab > .kt-row-column-wrap{grid-template-columns:minmax(0, 1fr);}}<\/style><div class=\"kb-row-layout-wrap kb-row-layout-id1166_bbab3e-ab alignnone kt-row-has-bg wp-block-kadence-rowlayout\"><div class=\"kt-row-column-wrap kt-has-1-columns kt-row-layout-equal kt-tab-layout-inherit kt-mobile-layout-row kt-row-valign-top\">\n<style>.kadence-column1166_024ea3-08 > .kt-inside-inner-col,.kadence-column1166_024ea3-08 > .kt-inside-inner-col:before{border-top-left-radius:0px;border-top-right-radius:0px;border-bottom-right-radius:0px;border-bottom-left-radius:0px;}.kadence-column1166_024ea3-08 > .kt-inside-inner-col{column-gap:var(--global-kb-gap-sm, 1rem);}.kadence-column1166_024ea3-08 > .kt-inside-inner-col{flex-direction:column;}.kadence-column1166_024ea3-08 > .kt-inside-inner-col > .aligncenter{width:100%;}.kadence-column1166_024ea3-08 > .kt-inside-inner-col:before{opacity:0.3;}.kadence-column1166_024ea3-08{position:relative;}@media all and (max-width: 1024px){.kadence-column1166_024ea3-08 > .kt-inside-inner-col{flex-direction:column;justify-content:center;}}@media all and (max-width: 767px){.kadence-column1166_024ea3-08 > .kt-inside-inner-col{flex-direction:column;justify-content:center;}}<\/style>\n<div class=\"wp-block-kadence-column kadence-column1166_024ea3-08\"><div class=\"kt-inside-inner-col\"><style>.kb-row-layout-id1166_23c40b-55 > .kt-row-column-wrap{align-content:start;}:where(.kb-row-layout-id1166_23c40b-55 > .kt-row-column-wrap) > .wp-block-kadence-column{justify-content:start;}.kb-row-layout-id1166_23c40b-55 > .kt-row-column-wrap{column-gap:var(--global-kb-gap-md, 2rem);row-gap:var(--global-kb-gap-md, 2rem);padding-top:var(--global-kb-spacing-sm, 1.5rem);padding-bottom:var(--global-kb-spacing-sm, 1.5rem);grid-template-columns:minmax(0, 1fr) minmax(0, 2fr);}.kb-row-layout-id1166_23c40b-55 > .kt-row-layout-overlay{opacity:0.30;}@media all and (max-width: 1024px){.kb-row-layout-id1166_23c40b-55 > .kt-row-column-wrap{grid-template-columns:minmax(0, 1fr) minmax(0, 2fr);}}@media all and (max-width: 767px){.kb-row-layout-id1166_23c40b-55 > .kt-row-column-wrap{grid-template-columns:minmax(0, 1fr);}}<\/style><div class=\"kb-row-layout-wrap kb-row-layout-id1166_23c40b-55 alignnone wp-block-kadence-rowlayout\"><div class=\"kt-row-column-wrap kt-has-2-columns kt-row-layout-right-golden kt-tab-layout-inherit kt-mobile-layout-row kt-row-valign-top\">\n<style>.kadence-column1166_a7f745-8f > .kt-inside-inner-col,.kadence-column1166_a7f745-8f > .kt-inside-inner-col:before{border-top-left-radius:0px;border-top-right-radius:0px;border-bottom-right-radius:0px;border-bottom-left-radius:0px;}.kadence-column1166_a7f745-8f > .kt-inside-inner-col{column-gap:var(--global-kb-gap-sm, 1rem);}.kadence-column1166_a7f745-8f > .kt-inside-inner-col{flex-direction:column;}.kadence-column1166_a7f745-8f > .kt-inside-inner-col > .aligncenter{width:100%;}.kadence-column1166_a7f745-8f > .kt-inside-inner-col:before{opacity:0.3;}.kadence-column1166_a7f745-8f{position:relative;}@media all and (max-width: 1024px){.kadence-column1166_a7f745-8f > .kt-inside-inner-col{flex-direction:column;justify-content:center;}}@media all and (max-width: 767px){.kadence-column1166_a7f745-8f > .kt-inside-inner-col{flex-direction:column;justify-content:center;}}<\/style>\n<div class=\"wp-block-kadence-column kadence-column1166_a7f745-8f\"><div class=\"kt-inside-inner-col\"><style>.kb-image1166_33a893-0e .kb-image-has-overlay:after{opacity:0.3;}<\/style>\n<figure class=\"wp-block-kadence-image kb-image1166_33a893-0e size-full\"><a href=\"https:\/\/endurancerun.co\/?page_id=37\" class=\"kb-advanced-image-link\"><img loading=\"lazy\" decoding=\"async\" width=\"407\" height=\"69\" src=\"https:\/\/endurancerun.co\/wp-content\/uploads\/2025\/12\/titulo-programas.png\" alt=\"\" class=\"kb-img wp-image-909\" srcset=\"https:\/\/endurancerun.co\/wp-content\/uploads\/2025\/12\/titulo-programas.png 407w, https:\/\/endurancerun.co\/wp-content\/uploads\/2025\/12\/titulo-programas-300x51.png 300w\" sizes=\"auto, (max-width: 407px) 100vw, 407px\" \/><\/a><\/figure>\n\n\n<style>.kb-image1166_a5c5eb-3f .kb-image-has-overlay:after{opacity:0.3;}<\/style>\n<figure class=\"wp-block-kadence-image kb-image1166_a5c5eb-3f size-large\"><img loading=\"lazy\" decoding=\"async\" width=\"661\" height=\"1024\" src=\"https:\/\/endurancerun.co\/wp-content\/uploads\/2026\/01\/elites-4-661x1024.png\" alt=\"\" class=\"kb-img wp-image-1185\" srcset=\"https:\/\/endurancerun.co\/wp-content\/uploads\/2026\/01\/elites-4-661x1024.png 661w, https:\/\/endurancerun.co\/wp-content\/uploads\/2026\/01\/elites-4-194x300.png 194w, https:\/\/endurancerun.co\/wp-content\/uploads\/2026\/01\/elites-4-768x1190.png 768w, https:\/\/endurancerun.co\/wp-content\/uploads\/2026\/01\/elites-4-991x1536.png 991w, https:\/\/endurancerun.co\/wp-content\/uploads\/2026\/01\/elites-4-1322x2048.png 1322w, https:\/\/endurancerun.co\/wp-content\/uploads\/2026\/01\/elites-4-1320x2045.png 1320w, https:\/\/endurancerun.co\/wp-content\/uploads\/2026\/01\/elites-4-600x930.png 600w, https:\/\/endurancerun.co\/wp-content\/uploads\/2026\/01\/elites-4.png 1571w\" sizes=\"auto, (max-width: 661px) 100vw, 661px\" \/><\/figure>\n<\/div><\/div>\n\n\n<style>.kadence-column1166_83027f-13 > .kt-inside-inner-col,.kadence-column1166_83027f-13 > .kt-inside-inner-col:before{border-top-left-radius:0px;border-top-right-radius:0px;border-bottom-right-radius:0px;border-bottom-left-radius:0px;}.kadence-column1166_83027f-13 > .kt-inside-inner-col{column-gap:var(--global-kb-gap-sm, 1rem);}.kadence-column1166_83027f-13 > .kt-inside-inner-col{flex-direction:column;}.kadence-column1166_83027f-13 > .kt-inside-inner-col > .aligncenter{width:100%;}.kadence-column1166_83027f-13 > .kt-inside-inner-col:before{opacity:0.3;}.kadence-column1166_83027f-13{position:relative;}@media all and (max-width: 1024px){.kadence-column1166_83027f-13 > .kt-inside-inner-col{flex-direction:column;justify-content:center;}}@media all and (max-width: 767px){.kadence-column1166_83027f-13 > .kt-inside-inner-col{flex-direction:column;justify-content:center;}}<\/style>\n<div class=\"wp-block-kadence-column kadence-column1166_83027f-13\"><div class=\"kt-inside-inner-col\"><style>.wp-block-kadence-advancedheading.kt-adv-heading1166_594942-6b, .wp-block-kadence-advancedheading.kt-adv-heading1166_594942-6b[data-kb-block=\"kb-adv-heading1166_594942-6b\"]{text-align:left;font-size:var(--global-kb-font-size-xl, 3rem);font-style:normal;}.wp-block-kadence-advancedheading.kt-adv-heading1166_594942-6b mark.kt-highlight, .wp-block-kadence-advancedheading.kt-adv-heading1166_594942-6b[data-kb-block=\"kb-adv-heading1166_594942-6b\"] mark.kt-highlight{font-style:normal;color:#f76a0c;-webkit-box-decoration-break:clone;box-decoration-break:clone;padding-top:0px;padding-right:0px;padding-bottom:0px;padding-left:0px;}.wp-block-kadence-advancedheading.kt-adv-heading1166_594942-6b img.kb-inline-image, .wp-block-kadence-advancedheading.kt-adv-heading1166_594942-6b[data-kb-block=\"kb-adv-heading1166_594942-6b\"] img.kb-inline-image{width:150px;vertical-align:baseline;}<\/style>\n<h1 class=\"kt-adv-heading1166_594942-6b wp-block-kadence-advancedheading\" data-kb-block=\"kb-adv-heading1166_594942-6b\"><strong><mark style=\"background-color:rgba(0, 0, 0, 0)\" class=\"has-inline-color has-theme-palette-10-color\">ELITES<\/mark><\/strong><\/h1>\n\n\n<style>.wp-block-kadence-advancedheading.kt-adv-heading1166_691150-76, .wp-block-kadence-advancedheading.kt-adv-heading1166_691150-76[data-kb-block=\"kb-adv-heading1166_691150-76\"]{font-style:normal;}.wp-block-kadence-advancedheading.kt-adv-heading1166_691150-76 mark.kt-highlight, .wp-block-kadence-advancedheading.kt-adv-heading1166_691150-76[data-kb-block=\"kb-adv-heading1166_691150-76\"] mark.kt-highlight{font-style:normal;color:#f76a0c;-webkit-box-decoration-break:clone;box-decoration-break:clone;padding-top:0px;padding-right:0px;padding-bottom:0px;padding-left:0px;}.wp-block-kadence-advancedheading.kt-adv-heading1166_691150-76 img.kb-inline-image, .wp-block-kadence-advancedheading.kt-adv-heading1166_691150-76[data-kb-block=\"kb-adv-heading1166_691150-76\"] img.kb-inline-image{width:150px;vertical-align:baseline;}<\/style>\n<h4 class=\"kt-adv-heading1166_691150-76 wp-block-kadence-advancedheading\" data-kb-block=\"kb-adv-heading1166_691150-76\"><mark style=\"background-color:rgba(0, 0, 0, 0)\" class=\"has-inline-color has-theme-palette-9-color\"><strong><strong>La \u00e9lite no nace&#8230; se entrena, por eso vivimos para competir y trascender<\/strong><\/strong><\/mark><\/h4>\n\n\n<style>.wp-block-kadence-advancedheading.kt-adv-heading1166_96281f-c5, .wp-block-kadence-advancedheading.kt-adv-heading1166_96281f-c5[data-kb-block=\"kb-adv-heading1166_96281f-c5\"]{font-style:normal;}.wp-block-kadence-advancedheading.kt-adv-heading1166_96281f-c5 mark.kt-highlight, .wp-block-kadence-advancedheading.kt-adv-heading1166_96281f-c5[data-kb-block=\"kb-adv-heading1166_96281f-c5\"] mark.kt-highlight{font-style:normal;color:#f76a0c;-webkit-box-decoration-break:clone;box-decoration-break:clone;padding-top:0px;padding-right:0px;padding-bottom:0px;padding-left:0px;}.wp-block-kadence-advancedheading.kt-adv-heading1166_96281f-c5 img.kb-inline-image, .wp-block-kadence-advancedheading.kt-adv-heading1166_96281f-c5[data-kb-block=\"kb-adv-heading1166_96281f-c5\"] img.kb-inline-image{width:150px;vertical-align:baseline;}<\/style>\n<p class=\"kt-adv-heading1166_96281f-c5 wp-block-kadence-advancedheading\" data-kb-block=\"kb-adv-heading1166_96281f-c5\"><mark style=\"background-color:rgba(0, 0, 0, 0)\" class=\"has-inline-color has-theme-palette-9-color\"><br>Aqu\u00ed entrenan los guerreros del alto rendimiento, atletas con metas internacionales y sue\u00f1os ol\u00edmpicos, disciplina de acero y una determinaci\u00f3n que inspira. En este programa cada segundo cuenta, cada detalle se afina, cada entrenamiento es una b\u00fasqueda de excelencia. Entrenamos con ciencia, planificaci\u00f3n, pasi\u00f3n y prop\u00f3sito. Este es el coraz\u00f3n competitivo de Endurance Runners, donde se forjan medallas, historia y legado, donde el talento y la disciplina se fusionan para conquistar los m\u00e1s altos escenarios del atletismo mundial.<\/mark><\/p>\n\n\n<style>.wp-block-kadence-advancedbtn.kb-btns1166_455e33-15{gap:var(--global-kb-gap-xs, 0.5rem );justify-content:flex-start;align-items:center;}.kt-btns1166_455e33-15 .kt-button{font-weight:normal;font-style:normal;}.kt-btns1166_455e33-15 .kt-btn-wrap-0{margin-right:5px;}.wp-block-kadence-advancedbtn.kt-btns1166_455e33-15 .kt-btn-wrap-0 .kt-button{color:#555555;border-color:#555555;}.wp-block-kadence-advancedbtn.kt-btns1166_455e33-15 .kt-btn-wrap-0 .kt-button:hover, .wp-block-kadence-advancedbtn.kt-btns1166_455e33-15 .kt-btn-wrap-0 .kt-button:focus{color:#ffffff;border-color:#444444;}.wp-block-kadence-advancedbtn.kt-btns1166_455e33-15 .kt-btn-wrap-0 .kt-button::before{display:none;}.wp-block-kadence-advancedbtn.kt-btns1166_455e33-15 .kt-btn-wrap-0 .kt-button:hover, .wp-block-kadence-advancedbtn.kt-btns1166_455e33-15 .kt-btn-wrap-0 .kt-button:focus{background:#444444;}<\/style>\n<div class=\"wp-block-kadence-advancedbtn kb-buttons-wrap kb-btns1166_455e33-15\"><style>ul.menu .wp-block-kadence-advancedbtn .kb-btn1166_1eb627-59.kb-button{width:initial;}.wp-block-kadence-advancedbtn .kb-btn1166_1eb627-59.kb-button{color:var(--global-palette3, #1A202C);background:var(--global-palette9, #ffffff);}<\/style><a class=\"kb-button kt-button button kb-btn1166_1eb627-59 kt-btn-size-standard kt-btn-width-type-auto kb-btn-global-fill  kt-btn-has-text-true kt-btn-has-svg-false  wp-block-kadence-singlebtn\" href=\"https:\/\/app.endurancerun.co\/inscripcion\/elite\/\" target=\"_blank\" rel=\"noreferrer noopener\"><span class=\"kt-btn-inner-text\">Inscr\u00edbete ahora<\/span><\/a><\/div>\n<\/div><\/div>\n\n<\/div><\/div><\/div><\/div>\n\n<\/div><\/div>","protected":false},"excerpt":{"rendered":"<p>ELITES La \u00e9lite no nace&#8230; se entrena, por eso vivimos para competir y trascender Aqu\u00ed entrenan los guerreros del alto rendimiento, atletas con metas internacionales y sue\u00f1os ol\u00edmpicos, disciplina de acero y una determinaci\u00f3n que inspira. En este programa cada segundo cuenta, cada detalle se afina, cada entrenamiento es una b\u00fasqueda de excelencia. Entrenamos con&#8230;<\/p>\n","protected":false},"author":1,"featured_media":0,"parent":0,"menu_order":0,"comment_status":"closed","ping_status":"closed","template":"","meta":{"_kadence_starter_templates_imported_post":false,"_kad_post_transparent":"","_kad_post_title":"hide","_kad_post_layout":"","_kad_post_sidebar_id":"","_kad_post_content_style":"","_kad_post_vertical_padding":"","_kad_post_feature":"","_kad_post_feature_position":"","_kad_post_header":false,"_kad_post_footer":false,"_kad_post_classname":"","footnotes":""},"class_list":["post-1166","page","type-page","status-publish","hentry"],"jetpack_sharing_enabled":true,"_links":{"self":[{"href":"https:\/\/endurancerun.co\/index.php?rest_route=\/wp\/v2\/pages\/1166","targetHints":{"allow":["GET"]}}],"collection":[{"href":"https:\/\/endurancerun.co\/index.php?rest_route=\/wp\/v2\/pages"}],"about":[{"href":"https:\/\/endurancerun.co\/index.php?rest_route=\/wp\/v2\/types\/page"}],"author":[{"embeddable":true,"href":"https:\/\/endurancerun.co\/index.php?rest_route=\/wp\/v2\/users\/1"}],"replies":[{"embeddable":true,"href":"https:\/\/endurancerun.co\/index.php?rest_route=%2Fwp%2Fv2%2Fcomments&post=1166"}],"version-history":[{"count":4,"href":"https:\/\/endurancerun.co\/index.php?rest_route=\/wp\/v2\/pages\/1166\/revisions"}],"predecessor-version":[{"id":1195,"href":"https:\/\/endurancerun.co\/index.php?rest_route=\/wp\/v2\/pages\/1166\/revisions\/1195"}],"wp:attachment":[{"href":"https:\/\/endurancerun.co\/index.php?rest_route=%2Fwp%2Fv2%2Fmedia&parent=1166"}],"curies":[{"name":"wp","href":"https:\/\/api.w.org\/{rel}","templated":true}]}}