{"id":1156,"date":"2026-01-05T18:29:26","date_gmt":"2026-01-05T23:29:26","guid":{"rendered":"https:\/\/endurancerun.co\/?page_id=1156"},"modified":"2026-01-07T14:17:12","modified_gmt":"2026-01-07T19:17:12","slug":"formacion","status":"publish","type":"page","link":"https:\/\/endurancerun.co\/?page_id=1156","title":{"rendered":"Formaci\u00f3n"},"content":{"rendered":"<style>.kb-row-layout-id1156_4904c6-71 > .kt-row-column-wrap{align-content:start;}:where(.kb-row-layout-id1156_4904c6-71 > .kt-row-column-wrap) > .wp-block-kadence-column{justify-content:start;}.kb-row-layout-id1156_4904c6-71 > .kt-row-column-wrap{column-gap:var(--global-kb-gap-md, 2rem);row-gap:var(--global-kb-gap-md, 2rem);padding-top:var(--global-kb-spacing-sm, 1.5rem);padding-bottom:var(--global-kb-spacing-sm, 1.5rem);grid-template-columns:minmax(0, 1fr);}.kb-row-layout-id1156_4904c6-71{background-color:#ff383e;}.kb-row-layout-id1156_4904c6-71 > .kt-row-layout-overlay{opacity:0.30;}@media all and (max-width: 1024px){.kb-row-layout-id1156_4904c6-71 > .kt-row-column-wrap{grid-template-columns:minmax(0, 1fr);}}@media all and (max-width: 767px){.kb-row-layout-id1156_4904c6-71 > .kt-row-column-wrap{grid-template-columns:minmax(0, 1fr);}}<\/style><div class=\"kb-row-layout-wrap kb-row-layout-id1156_4904c6-71 alignnone kt-row-has-bg wp-block-kadence-rowlayout\"><div class=\"kt-row-column-wrap kt-has-1-columns kt-row-layout-equal kt-tab-layout-inherit kt-mobile-layout-row kt-row-valign-top\">\n<style>.kadence-column1156_31b7c3-6f > .kt-inside-inner-col,.kadence-column1156_31b7c3-6f > .kt-inside-inner-col:before{border-top-left-radius:0px;border-top-right-radius:0px;border-bottom-right-radius:0px;border-bottom-left-radius:0px;}.kadence-column1156_31b7c3-6f > .kt-inside-inner-col{column-gap:var(--global-kb-gap-sm, 1rem);}.kadence-column1156_31b7c3-6f > .kt-inside-inner-col{flex-direction:column;}.kadence-column1156_31b7c3-6f > .kt-inside-inner-col > .aligncenter{width:100%;}.kadence-column1156_31b7c3-6f > .kt-inside-inner-col:before{opacity:0.3;}.kadence-column1156_31b7c3-6f{position:relative;}@media all and (max-width: 1024px){.kadence-column1156_31b7c3-6f > .kt-inside-inner-col{flex-direction:column;justify-content:center;}}@media all and (max-width: 767px){.kadence-column1156_31b7c3-6f > .kt-inside-inner-col{flex-direction:column;justify-content:center;}}<\/style>\n<div class=\"wp-block-kadence-column kadence-column1156_31b7c3-6f\"><div class=\"kt-inside-inner-col\"><style>.kb-row-layout-id1156_d2ffb3-6a > .kt-row-column-wrap{align-content:start;}:where(.kb-row-layout-id1156_d2ffb3-6a > .kt-row-column-wrap) > .wp-block-kadence-column{justify-content:start;}.kb-row-layout-id1156_d2ffb3-6a > .kt-row-column-wrap{column-gap:var(--global-kb-gap-md, 2rem);row-gap:var(--global-kb-gap-md, 2rem);padding-top:var(--global-kb-spacing-sm, 1.5rem);padding-bottom:var(--global-kb-spacing-sm, 1.5rem);grid-template-columns:minmax(0, 1fr) minmax(0, 2fr);}.kb-row-layout-id1156_d2ffb3-6a > .kt-row-layout-overlay{opacity:0.30;}@media all and (max-width: 1024px){.kb-row-layout-id1156_d2ffb3-6a > .kt-row-column-wrap{grid-template-columns:minmax(0, 1fr) minmax(0, 2fr);}}@media all and (max-width: 767px){.kb-row-layout-id1156_d2ffb3-6a > .kt-row-column-wrap{grid-template-columns:minmax(0, 1fr);}}<\/style><div class=\"kb-row-layout-wrap kb-row-layout-id1156_d2ffb3-6a alignnone wp-block-kadence-rowlayout\"><div class=\"kt-row-column-wrap kt-has-2-columns kt-row-layout-right-golden kt-tab-layout-inherit kt-mobile-layout-row kt-row-valign-top\">\n<style>.kadence-column1156_6884fb-87 > .kt-inside-inner-col,.kadence-column1156_6884fb-87 > .kt-inside-inner-col:before{border-top-left-radius:0px;border-top-right-radius:0px;border-bottom-right-radius:0px;border-bottom-left-radius:0px;}.kadence-column1156_6884fb-87 > .kt-inside-inner-col{column-gap:var(--global-kb-gap-sm, 1rem);}.kadence-column1156_6884fb-87 > .kt-inside-inner-col{flex-direction:column;}.kadence-column1156_6884fb-87 > .kt-inside-inner-col > .aligncenter{width:100%;}.kadence-column1156_6884fb-87 > .kt-inside-inner-col:before{opacity:0.3;}.kadence-column1156_6884fb-87{position:relative;}@media all and (max-width: 1024px){.kadence-column1156_6884fb-87 > .kt-inside-inner-col{flex-direction:column;justify-content:center;}}@media all and (max-width: 767px){.kadence-column1156_6884fb-87 > .kt-inside-inner-col{flex-direction:column;justify-content:center;}}<\/style>\n<div class=\"wp-block-kadence-column kadence-column1156_6884fb-87\"><div class=\"kt-inside-inner-col\"><style>.kb-image1156_2f181c-da .kb-image-has-overlay:after{opacity:0.3;}<\/style>\n<figure class=\"wp-block-kadence-image kb-image1156_2f181c-da size-full\"><a href=\"https:\/\/endurancerun.co\/?page_id=37\" class=\"kb-advanced-image-link\"><img loading=\"lazy\" decoding=\"async\" width=\"407\" height=\"69\" src=\"https:\/\/endurancerun.co\/wp-content\/uploads\/2025\/12\/titulo-programas.png\" alt=\"\" class=\"kb-img wp-image-909\" srcset=\"https:\/\/endurancerun.co\/wp-content\/uploads\/2025\/12\/titulo-programas.png 407w, https:\/\/endurancerun.co\/wp-content\/uploads\/2025\/12\/titulo-programas-300x51.png 300w\" sizes=\"auto, (max-width: 407px) 100vw, 407px\" \/><\/a><\/figure>\n\n\n<style>.kb-image1156_72cb69-33 .kb-image-has-overlay:after{opacity:0.3;}<\/style>\n<figure class=\"wp-block-kadence-image kb-image1156_72cb69-33 size-large\"><img loading=\"lazy\" decoding=\"async\" width=\"681\" height=\"1024\" src=\"https:\/\/endurancerun.co\/wp-content\/uploads\/2026\/01\/WhatsApp-Image-2025-12-17-at-09.42.04-14-681x1024.jpeg\" alt=\"\" class=\"kb-img wp-image-1158\" srcset=\"https:\/\/endurancerun.co\/wp-content\/uploads\/2026\/01\/WhatsApp-Image-2025-12-17-at-09.42.04-14-681x1024.jpeg 681w, https:\/\/endurancerun.co\/wp-content\/uploads\/2026\/01\/WhatsApp-Image-2025-12-17-at-09.42.04-14-200x300.jpeg 200w, https:\/\/endurancerun.co\/wp-content\/uploads\/2026\/01\/WhatsApp-Image-2025-12-17-at-09.42.04-14-768x1155.jpeg 768w, https:\/\/endurancerun.co\/wp-content\/uploads\/2026\/01\/WhatsApp-Image-2025-12-17-at-09.42.04-14-1021x1536.jpeg 1021w, https:\/\/endurancerun.co\/wp-content\/uploads\/2026\/01\/WhatsApp-Image-2025-12-17-at-09.42.04-14-600x902.jpeg 600w, https:\/\/endurancerun.co\/wp-content\/uploads\/2026\/01\/WhatsApp-Image-2025-12-17-at-09.42.04-14.jpeg 1064w\" sizes=\"auto, (max-width: 681px) 100vw, 681px\" \/><\/figure>\n<\/div><\/div>\n\n\n<style>.kadence-column1156_eea658-90 > .kt-inside-inner-col,.kadence-column1156_eea658-90 > .kt-inside-inner-col:before{border-top-left-radius:0px;border-top-right-radius:0px;border-bottom-right-radius:0px;border-bottom-left-radius:0px;}.kadence-column1156_eea658-90 > .kt-inside-inner-col{column-gap:var(--global-kb-gap-sm, 1rem);}.kadence-column1156_eea658-90 > .kt-inside-inner-col{flex-direction:column;}.kadence-column1156_eea658-90 > .kt-inside-inner-col > .aligncenter{width:100%;}.kadence-column1156_eea658-90 > .kt-inside-inner-col:before{opacity:0.3;}.kadence-column1156_eea658-90{position:relative;}@media all and (max-width: 1024px){.kadence-column1156_eea658-90 > .kt-inside-inner-col{flex-direction:column;justify-content:center;}}@media all and (max-width: 767px){.kadence-column1156_eea658-90 > .kt-inside-inner-col{flex-direction:column;justify-content:center;}}<\/style>\n<div class=\"wp-block-kadence-column kadence-column1156_eea658-90\"><div class=\"kt-inside-inner-col\"><style>.wp-block-kadence-advancedheading.kt-adv-heading1156_fded90-9c, .wp-block-kadence-advancedheading.kt-adv-heading1156_fded90-9c[data-kb-block=\"kb-adv-heading1156_fded90-9c\"]{text-align:left;font-size:var(--global-kb-font-size-xl, 3rem);font-style:normal;}.wp-block-kadence-advancedheading.kt-adv-heading1156_fded90-9c mark.kt-highlight, .wp-block-kadence-advancedheading.kt-adv-heading1156_fded90-9c[data-kb-block=\"kb-adv-heading1156_fded90-9c\"] mark.kt-highlight{font-style:normal;color:#f76a0c;-webkit-box-decoration-break:clone;box-decoration-break:clone;padding-top:0px;padding-right:0px;padding-bottom:0px;padding-left:0px;}.wp-block-kadence-advancedheading.kt-adv-heading1156_fded90-9c img.kb-inline-image, .wp-block-kadence-advancedheading.kt-adv-heading1156_fded90-9c[data-kb-block=\"kb-adv-heading1156_fded90-9c\"] img.kb-inline-image{width:150px;vertical-align:baseline;}<\/style>\n<h1 class=\"kt-adv-heading1156_fded90-9c wp-block-kadence-advancedheading\" data-kb-block=\"kb-adv-heading1156_fded90-9c\"><strong><mark style=\"background-color:rgba(0, 0, 0, 0)\" class=\"has-inline-color has-theme-palette-10-color\">FORMACI\u00d3N Y ESPECIALIZACI\u00d3N<\/mark><\/strong><\/h1>\n\n\n<style>.wp-block-kadence-advancedheading.kt-adv-heading1156_86cbf0-2a, .wp-block-kadence-advancedheading.kt-adv-heading1156_86cbf0-2a[data-kb-block=\"kb-adv-heading1156_86cbf0-2a\"]{font-style:normal;}.wp-block-kadence-advancedheading.kt-adv-heading1156_86cbf0-2a mark.kt-highlight, .wp-block-kadence-advancedheading.kt-adv-heading1156_86cbf0-2a[data-kb-block=\"kb-adv-heading1156_86cbf0-2a\"] mark.kt-highlight{font-style:normal;color:#f76a0c;-webkit-box-decoration-break:clone;box-decoration-break:clone;padding-top:0px;padding-right:0px;padding-bottom:0px;padding-left:0px;}.wp-block-kadence-advancedheading.kt-adv-heading1156_86cbf0-2a img.kb-inline-image, .wp-block-kadence-advancedheading.kt-adv-heading1156_86cbf0-2a[data-kb-block=\"kb-adv-heading1156_86cbf0-2a\"] img.kb-inline-image{width:150px;vertical-align:baseline;}<\/style>\n<h4 class=\"kt-adv-heading1156_86cbf0-2a wp-block-kadence-advancedheading\" data-kb-block=\"kb-adv-heading1156_86cbf0-2a\"><mark style=\"background-color:rgba(0, 0, 0, 0)\" class=\"has-inline-color has-theme-palette-9-color\"><strong><strong><strong>Donde nacen los futuros campeones.<\/strong><\/strong><\/strong><\/mark><\/h4>\n\n\n<style>.wp-block-kadence-advancedheading.kt-adv-heading1156_e6ecfa-e6, .wp-block-kadence-advancedheading.kt-adv-heading1156_e6ecfa-e6[data-kb-block=\"kb-adv-heading1156_e6ecfa-e6\"]{font-style:normal;}.wp-block-kadence-advancedheading.kt-adv-heading1156_e6ecfa-e6 mark.kt-highlight, .wp-block-kadence-advancedheading.kt-adv-heading1156_e6ecfa-e6[data-kb-block=\"kb-adv-heading1156_e6ecfa-e6\"] mark.kt-highlight{font-style:normal;color:#f76a0c;-webkit-box-decoration-break:clone;box-decoration-break:clone;padding-top:0px;padding-right:0px;padding-bottom:0px;padding-left:0px;}.wp-block-kadence-advancedheading.kt-adv-heading1156_e6ecfa-e6 img.kb-inline-image, .wp-block-kadence-advancedheading.kt-adv-heading1156_e6ecfa-e6[data-kb-block=\"kb-adv-heading1156_e6ecfa-e6\"] img.kb-inline-image{width:150px;vertical-align:baseline;}<\/style>\n<p class=\"kt-adv-heading1156_e6ecfa-e6 wp-block-kadence-advancedheading\" data-kb-block=\"kb-adv-heading1156_e6ecfa-e6\"><mark style=\"background-color:rgba(0, 0, 0, 0)\" class=\"has-inline-color has-theme-palette-9-color\"><br>Este espacio est\u00e1 reservado para el semillero, para quienes comienzan a descubrir su talento y se enamoran del atletismo. J\u00f3venes con brillo en los ojos, dispuestos a aprender, esforzarse y volar alto y donde su talento evidencia una gran proyecci\u00f3n deportiva. Combinamos pedagog\u00eda, t\u00e9cnica y alegr\u00eda para formar bases s\u00f3lidas que impulsan el desarrollo f\u00edsico, mental y emocional. Aqu\u00ed no solo se forman atletas: se forman seres humanos valientes.<\/mark><\/p>\n\n\n<style>.wp-block-kadence-advancedbtn.kb-btns1156_f9541e-77{gap:var(--global-kb-gap-xs, 0.5rem );justify-content:flex-start;align-items:center;}.kt-btns1156_f9541e-77 .kt-button{font-weight:normal;font-style:normal;}.kt-btns1156_f9541e-77 .kt-btn-wrap-0{margin-right:5px;}.wp-block-kadence-advancedbtn.kt-btns1156_f9541e-77 .kt-btn-wrap-0 .kt-button{color:#555555;border-color:#555555;}.wp-block-kadence-advancedbtn.kt-btns1156_f9541e-77 .kt-btn-wrap-0 .kt-button:hover, .wp-block-kadence-advancedbtn.kt-btns1156_f9541e-77 .kt-btn-wrap-0 .kt-button:focus{color:#ffffff;border-color:#444444;}.wp-block-kadence-advancedbtn.kt-btns1156_f9541e-77 .kt-btn-wrap-0 .kt-button::before{display:none;}.wp-block-kadence-advancedbtn.kt-btns1156_f9541e-77 .kt-btn-wrap-0 .kt-button:hover, .wp-block-kadence-advancedbtn.kt-btns1156_f9541e-77 .kt-btn-wrap-0 .kt-button:focus{background:#444444;}<\/style>\n<div class=\"wp-block-kadence-advancedbtn kb-buttons-wrap kb-btns1156_f9541e-77\"><style>ul.menu .wp-block-kadence-advancedbtn .kb-btn1156_9f1b74-63.kb-button{width:initial;}.wp-block-kadence-advancedbtn .kb-btn1156_9f1b74-63.kb-button{color:var(--global-palette3, #1A202C);background:var(--global-palette9, #ffffff);}<\/style><a class=\"kb-button kt-button button kb-btn1156_9f1b74-63 kt-btn-size-standard kt-btn-width-type-auto kb-btn-global-fill  kt-btn-has-text-true kt-btn-has-svg-false  wp-block-kadence-singlebtn\" href=\"https:\/\/app.endurancerun.co\/inscripcion\/formacion-especializacion\/\" target=\"_blank\" rel=\"noreferrer noopener\"><span class=\"kt-btn-inner-text\">Inscr\u00edbete ahora<\/span><\/a><\/div>\n\n\n<style>.kb-image1156_9aa6f6-70 .kb-image-has-overlay:after{opacity:0.3;}<\/style>\n<figure class=\"wp-block-kadence-image kb-image1156_9aa6f6-70 size-large\"><img loading=\"lazy\" decoding=\"async\" width=\"1024\" height=\"576\" src=\"https:\/\/endurancerun.co\/wp-content\/uploads\/2026\/01\/formacion-esp-2-1024x576.jpeg\" alt=\"\" class=\"kb-img wp-image-1162\" srcset=\"https:\/\/endurancerun.co\/wp-content\/uploads\/2026\/01\/formacion-esp-2-1024x576.jpeg 1024w, https:\/\/endurancerun.co\/wp-content\/uploads\/2026\/01\/formacion-esp-2-300x169.jpeg 300w, https:\/\/endurancerun.co\/wp-content\/uploads\/2026\/01\/formacion-esp-2-768x432.jpeg 768w, https:\/\/endurancerun.co\/wp-content\/uploads\/2026\/01\/formacion-esp-2-1536x864.jpeg 1536w, https:\/\/endurancerun.co\/wp-content\/uploads\/2026\/01\/formacion-esp-2-1320x743.jpeg 1320w, https:\/\/endurancerun.co\/wp-content\/uploads\/2026\/01\/formacion-esp-2-600x338.jpeg 600w, https:\/\/endurancerun.co\/wp-content\/uploads\/2026\/01\/formacion-esp-2.jpeg 1600w\" sizes=\"auto, (max-width: 1024px) 100vw, 1024px\" \/><\/figure>\n<\/div><\/div>\n\n<\/div><\/div><\/div><\/div>\n\n<\/div><\/div>","protected":false},"excerpt":{"rendered":"<p>FORMACI\u00d3N Y ESPECIALIZACI\u00d3N Donde nacen los futuros campeones. Este espacio est\u00e1 reservado para el semillero, para quienes comienzan a descubrir su talento y se enamoran del atletismo. J\u00f3venes con brillo en los ojos, dispuestos a aprender, esforzarse y volar alto y donde su talento evidencia una gran proyecci\u00f3n deportiva. Combinamos pedagog\u00eda, t\u00e9cnica y alegr\u00eda para&#8230;<\/p>\n","protected":false},"author":1,"featured_media":0,"parent":0,"menu_order":0,"comment_status":"closed","ping_status":"closed","template":"","meta":{"_kadence_starter_templates_imported_post":false,"_kad_post_transparent":"","_kad_post_title":"hide","_kad_post_layout":"","_kad_post_sidebar_id":"","_kad_post_content_style":"","_kad_post_vertical_padding":"","_kad_post_feature":"","_kad_post_feature_position":"","_kad_post_header":false,"_kad_post_footer":false,"_kad_post_classname":"","footnotes":""},"class_list":["post-1156","page","type-page","status-publish","hentry"],"jetpack_sharing_enabled":true,"_links":{"self":[{"href":"https:\/\/endurancerun.co\/index.php?rest_route=\/wp\/v2\/pages\/1156","targetHints":{"allow":["GET"]}}],"collection":[{"href":"https:\/\/endurancerun.co\/index.php?rest_route=\/wp\/v2\/pages"}],"about":[{"href":"https:\/\/endurancerun.co\/index.php?rest_route=\/wp\/v2\/types\/page"}],"author":[{"embeddable":true,"href":"https:\/\/endurancerun.co\/index.php?rest_route=\/wp\/v2\/users\/1"}],"replies":[{"embeddable":true,"href":"https:\/\/endurancerun.co\/index.php?rest_route=%2Fwp%2Fv2%2Fcomments&post=1156"}],"version-history":[{"count":3,"href":"https:\/\/endurancerun.co\/index.php?rest_route=\/wp\/v2\/pages\/1156\/revisions"}],"predecessor-version":[{"id":1194,"href":"https:\/\/endurancerun.co\/index.php?rest_route=\/wp\/v2\/pages\/1156\/revisions\/1194"}],"wp:attachment":[{"href":"https:\/\/endurancerun.co\/index.php?rest_route=%2Fwp%2Fv2%2Fmedia&parent=1156"}],"curies":[{"name":"wp","href":"https:\/\/api.w.org\/{rel}","templated":true}]}}