{"id":1138,"date":"2026-01-05T17:55:52","date_gmt":"2026-01-05T22:55:52","guid":{"rendered":"https:\/\/endurancerun.co\/?page_id=1138"},"modified":"2026-01-07T12:34:00","modified_gmt":"2026-01-07T17:34:00","slug":"amateurs","status":"publish","type":"page","link":"https:\/\/endurancerun.co\/?page_id=1138","title":{"rendered":"Amateurs"},"content":{"rendered":"<style>.kb-row-layout-id1138_14a370-3b > .kt-row-column-wrap{align-content:start;}:where(.kb-row-layout-id1138_14a370-3b > .kt-row-column-wrap) > .wp-block-kadence-column{justify-content:start;}.kb-row-layout-id1138_14a370-3b > .kt-row-column-wrap{column-gap:var(--global-kb-gap-md, 2rem);row-gap:var(--global-kb-gap-md, 2rem);padding-top:var(--global-kb-spacing-sm, 1.5rem);padding-bottom:var(--global-kb-spacing-sm, 1.5rem);grid-template-columns:minmax(0, 1fr);}.kb-row-layout-id1138_14a370-3b{background-color:#ff383e;}.kb-row-layout-id1138_14a370-3b > .kt-row-layout-overlay{opacity:0.30;}@media all and (max-width: 1024px){.kb-row-layout-id1138_14a370-3b > .kt-row-column-wrap{grid-template-columns:minmax(0, 1fr);}}@media all and (max-width: 767px){.kb-row-layout-id1138_14a370-3b > .kt-row-column-wrap{grid-template-columns:minmax(0, 1fr);}}<\/style><div class=\"kb-row-layout-wrap kb-row-layout-id1138_14a370-3b alignnone kt-row-has-bg wp-block-kadence-rowlayout\"><div class=\"kt-row-column-wrap kt-has-1-columns kt-row-layout-equal kt-tab-layout-inherit kt-mobile-layout-row kt-row-valign-top\">\n<style>.kadence-column1138_fee701-cc > .kt-inside-inner-col,.kadence-column1138_fee701-cc > .kt-inside-inner-col:before{border-top-left-radius:0px;border-top-right-radius:0px;border-bottom-right-radius:0px;border-bottom-left-radius:0px;}.kadence-column1138_fee701-cc > .kt-inside-inner-col{column-gap:var(--global-kb-gap-sm, 1rem);}.kadence-column1138_fee701-cc > .kt-inside-inner-col{flex-direction:column;}.kadence-column1138_fee701-cc > .kt-inside-inner-col > .aligncenter{width:100%;}.kadence-column1138_fee701-cc > .kt-inside-inner-col:before{opacity:0.3;}.kadence-column1138_fee701-cc{position:relative;}@media all and (max-width: 1024px){.kadence-column1138_fee701-cc > .kt-inside-inner-col{flex-direction:column;justify-content:center;}}@media all and (max-width: 767px){.kadence-column1138_fee701-cc > .kt-inside-inner-col{flex-direction:column;justify-content:center;}}<\/style>\n<div class=\"wp-block-kadence-column kadence-column1138_fee701-cc\"><div class=\"kt-inside-inner-col\"><style>.kb-row-layout-id1138_dab22e-13 > .kt-row-column-wrap{align-content:start;}:where(.kb-row-layout-id1138_dab22e-13 > .kt-row-column-wrap) > .wp-block-kadence-column{justify-content:start;}.kb-row-layout-id1138_dab22e-13 > .kt-row-column-wrap{column-gap:var(--global-kb-gap-md, 2rem);row-gap:var(--global-kb-gap-md, 2rem);padding-top:var(--global-kb-spacing-sm, 1.5rem);padding-bottom:var(--global-kb-spacing-sm, 1.5rem);grid-template-columns:minmax(0, 1fr) minmax(0, 2fr);}.kb-row-layout-id1138_dab22e-13 > .kt-row-layout-overlay{opacity:0.30;}@media all and (max-width: 1024px){.kb-row-layout-id1138_dab22e-13 > .kt-row-column-wrap{grid-template-columns:minmax(0, 1fr) minmax(0, 2fr);}}@media all and (max-width: 767px){.kb-row-layout-id1138_dab22e-13 > .kt-row-column-wrap{grid-template-columns:minmax(0, 1fr);}}<\/style><div class=\"kb-row-layout-wrap kb-row-layout-id1138_dab22e-13 alignnone wp-block-kadence-rowlayout\"><div class=\"kt-row-column-wrap kt-has-2-columns kt-row-layout-right-golden kt-tab-layout-inherit kt-mobile-layout-row kt-row-valign-top\">\n<style>.kadence-column1138_06c0de-f4 > .kt-inside-inner-col,.kadence-column1138_06c0de-f4 > .kt-inside-inner-col:before{border-top-left-radius:0px;border-top-right-radius:0px;border-bottom-right-radius:0px;border-bottom-left-radius:0px;}.kadence-column1138_06c0de-f4 > .kt-inside-inner-col{column-gap:var(--global-kb-gap-sm, 1rem);}.kadence-column1138_06c0de-f4 > .kt-inside-inner-col{flex-direction:column;}.kadence-column1138_06c0de-f4 > .kt-inside-inner-col > .aligncenter{width:100%;}.kadence-column1138_06c0de-f4 > .kt-inside-inner-col:before{opacity:0.3;}.kadence-column1138_06c0de-f4{position:relative;}@media all and (max-width: 1024px){.kadence-column1138_06c0de-f4 > .kt-inside-inner-col{flex-direction:column;justify-content:center;}}@media all and (max-width: 767px){.kadence-column1138_06c0de-f4 > .kt-inside-inner-col{flex-direction:column;justify-content:center;}}<\/style>\n<div class=\"wp-block-kadence-column kadence-column1138_06c0de-f4\"><div class=\"kt-inside-inner-col\"><style>.kb-image1138_a39b55-81 .kb-image-has-overlay:after{opacity:0.3;}<\/style>\n<figure class=\"wp-block-kadence-image kb-image1138_a39b55-81 size-full\"><a href=\"https:\/\/endurancerun.co\/?page_id=37\" class=\"kb-advanced-image-link\"><img loading=\"lazy\" decoding=\"async\" width=\"407\" height=\"69\" src=\"https:\/\/endurancerun.co\/wp-content\/uploads\/2025\/12\/titulo-programas.png\" alt=\"\" class=\"kb-img wp-image-909\" srcset=\"https:\/\/endurancerun.co\/wp-content\/uploads\/2025\/12\/titulo-programas.png 407w, https:\/\/endurancerun.co\/wp-content\/uploads\/2025\/12\/titulo-programas-300x51.png 300w\" sizes=\"auto, (max-width: 407px) 100vw, 407px\" \/><\/a><\/figure>\n\n\n<style>.kb-image1138_6c6328-7c .kb-image-has-overlay:after{opacity:0.3;}<\/style>\n<figure class=\"wp-block-kadence-image kb-image1138_6c6328-7c size-large\"><img loading=\"lazy\" decoding=\"async\" width=\"661\" height=\"1024\" src=\"https:\/\/endurancerun.co\/wp-content\/uploads\/2026\/01\/amateur-4-661x1024.png\" alt=\"\" class=\"kb-img wp-image-1146\" srcset=\"https:\/\/endurancerun.co\/wp-content\/uploads\/2026\/01\/amateur-4-661x1024.png 661w, https:\/\/endurancerun.co\/wp-content\/uploads\/2026\/01\/amateur-4-194x300.png 194w, https:\/\/endurancerun.co\/wp-content\/uploads\/2026\/01\/amateur-4-768x1190.png 768w, https:\/\/endurancerun.co\/wp-content\/uploads\/2026\/01\/amateur-4-991x1536.png 991w, https:\/\/endurancerun.co\/wp-content\/uploads\/2026\/01\/amateur-4-1322x2048.png 1322w, https:\/\/endurancerun.co\/wp-content\/uploads\/2026\/01\/amateur-4-1320x2045.png 1320w, https:\/\/endurancerun.co\/wp-content\/uploads\/2026\/01\/amateur-4-600x930.png 600w, https:\/\/endurancerun.co\/wp-content\/uploads\/2026\/01\/amateur-4.png 1571w\" sizes=\"auto, (max-width: 661px) 100vw, 661px\" \/><\/figure>\n<\/div><\/div>\n\n\n<style>.kadence-column1138_4cbd0c-ef > .kt-inside-inner-col,.kadence-column1138_4cbd0c-ef > .kt-inside-inner-col:before{border-top-left-radius:0px;border-top-right-radius:0px;border-bottom-right-radius:0px;border-bottom-left-radius:0px;}.kadence-column1138_4cbd0c-ef > .kt-inside-inner-col{column-gap:var(--global-kb-gap-sm, 1rem);}.kadence-column1138_4cbd0c-ef > .kt-inside-inner-col{flex-direction:column;}.kadence-column1138_4cbd0c-ef > .kt-inside-inner-col > .aligncenter{width:100%;}.kadence-column1138_4cbd0c-ef > .kt-inside-inner-col:before{opacity:0.3;}.kadence-column1138_4cbd0c-ef{position:relative;}@media all and (max-width: 1024px){.kadence-column1138_4cbd0c-ef > .kt-inside-inner-col{flex-direction:column;justify-content:center;}}@media all and (max-width: 767px){.kadence-column1138_4cbd0c-ef > .kt-inside-inner-col{flex-direction:column;justify-content:center;}}<\/style>\n<div class=\"wp-block-kadence-column kadence-column1138_4cbd0c-ef\"><div class=\"kt-inside-inner-col\"><style>.wp-block-kadence-advancedheading.kt-adv-heading1138_3420e3-46, .wp-block-kadence-advancedheading.kt-adv-heading1138_3420e3-46[data-kb-block=\"kb-adv-heading1138_3420e3-46\"]{text-align:left;font-size:var(--global-kb-font-size-xl, 3rem);font-style:normal;}.wp-block-kadence-advancedheading.kt-adv-heading1138_3420e3-46 mark.kt-highlight, .wp-block-kadence-advancedheading.kt-adv-heading1138_3420e3-46[data-kb-block=\"kb-adv-heading1138_3420e3-46\"] mark.kt-highlight{font-style:normal;color:#f76a0c;-webkit-box-decoration-break:clone;box-decoration-break:clone;padding-top:0px;padding-right:0px;padding-bottom:0px;padding-left:0px;}.wp-block-kadence-advancedheading.kt-adv-heading1138_3420e3-46 img.kb-inline-image, .wp-block-kadence-advancedheading.kt-adv-heading1138_3420e3-46[data-kb-block=\"kb-adv-heading1138_3420e3-46\"] img.kb-inline-image{width:150px;vertical-align:baseline;}<\/style>\n<h1 class=\"kt-adv-heading1138_3420e3-46 wp-block-kadence-advancedheading\" data-kb-block=\"kb-adv-heading1138_3420e3-46\"><strong><mark style=\"background-color:rgba(0, 0, 0, 0)\" class=\"has-inline-color has-theme-palette-10-color\">AMATEURS<\/mark><\/strong><\/h1>\n\n\n<style>.wp-block-kadence-advancedheading.kt-adv-heading1138_edbbcf-1b, .wp-block-kadence-advancedheading.kt-adv-heading1138_edbbcf-1b[data-kb-block=\"kb-adv-heading1138_edbbcf-1b\"]{font-style:normal;}.wp-block-kadence-advancedheading.kt-adv-heading1138_edbbcf-1b mark.kt-highlight, .wp-block-kadence-advancedheading.kt-adv-heading1138_edbbcf-1b[data-kb-block=\"kb-adv-heading1138_edbbcf-1b\"] mark.kt-highlight{font-style:normal;color:#f76a0c;-webkit-box-decoration-break:clone;box-decoration-break:clone;padding-top:0px;padding-right:0px;padding-bottom:0px;padding-left:0px;}.wp-block-kadence-advancedheading.kt-adv-heading1138_edbbcf-1b img.kb-inline-image, .wp-block-kadence-advancedheading.kt-adv-heading1138_edbbcf-1b[data-kb-block=\"kb-adv-heading1138_edbbcf-1b\"] img.kb-inline-image{width:150px;vertical-align:baseline;}<\/style>\n<h4 class=\"kt-adv-heading1138_edbbcf-1b wp-block-kadence-advancedheading\" data-kb-block=\"kb-adv-heading1138_edbbcf-1b\"><mark style=\"background-color:rgba(0, 0, 0, 0)\" class=\"has-inline-color has-theme-palette-9-color\"><strong>Donde la pasi\u00f3n supera los l\u00edmites.<\/strong><\/mark><\/h4>\n\n\n<style>.wp-block-kadence-advancedheading.kt-adv-heading1138_5895ea-6b, .wp-block-kadence-advancedheading.kt-adv-heading1138_5895ea-6b[data-kb-block=\"kb-adv-heading1138_5895ea-6b\"]{font-style:normal;}.wp-block-kadence-advancedheading.kt-adv-heading1138_5895ea-6b mark.kt-highlight, .wp-block-kadence-advancedheading.kt-adv-heading1138_5895ea-6b[data-kb-block=\"kb-adv-heading1138_5895ea-6b\"] mark.kt-highlight{font-style:normal;color:#f76a0c;-webkit-box-decoration-break:clone;box-decoration-break:clone;padding-top:0px;padding-right:0px;padding-bottom:0px;padding-left:0px;}.wp-block-kadence-advancedheading.kt-adv-heading1138_5895ea-6b img.kb-inline-image, .wp-block-kadence-advancedheading.kt-adv-heading1138_5895ea-6b[data-kb-block=\"kb-adv-heading1138_5895ea-6b\"] img.kb-inline-image{width:150px;vertical-align:baseline;}<\/style>\n<p class=\"kt-adv-heading1138_5895ea-6b wp-block-kadence-advancedheading\" data-kb-block=\"kb-adv-heading1138_5895ea-6b\"><mark style=\"background-color:rgba(0, 0, 0, 0)\" class=\"has-inline-color has-theme-palette-9-color\"><br>Este programa es para quienes encontraron en el running una fuente de vida, salud, alegr\u00eda y felicidad. Aqu\u00ed entrenan so\u00f1adores, guerreros cotidianos que persiguen sus propios r\u00e9cords, que se superan con cada zancada. Ya sea tu primer 5K, tu pr\u00f3ximo marat\u00f3n, 21k o trial, en Endurance Runners entrenamos contigo, celebramos tus logros, creamos experiencias que inspiran y corremos por mucho m\u00e1s que tiempo: corremos por pasi\u00f3n, porque esto es un estilo de vida.<\/mark><\/p>\n\n\n<style>.wp-block-kadence-advancedbtn.kb-btns1138_990ca4-fb{gap:var(--global-kb-gap-xs, 0.5rem );justify-content:flex-start;align-items:center;}.kt-btns1138_990ca4-fb .kt-button{font-weight:normal;font-style:normal;}.kt-btns1138_990ca4-fb .kt-btn-wrap-0{margin-right:5px;}.wp-block-kadence-advancedbtn.kt-btns1138_990ca4-fb .kt-btn-wrap-0 .kt-button{color:#555555;border-color:#555555;}.wp-block-kadence-advancedbtn.kt-btns1138_990ca4-fb .kt-btn-wrap-0 .kt-button:hover, .wp-block-kadence-advancedbtn.kt-btns1138_990ca4-fb .kt-btn-wrap-0 .kt-button:focus{color:#ffffff;border-color:#444444;}.wp-block-kadence-advancedbtn.kt-btns1138_990ca4-fb .kt-btn-wrap-0 .kt-button::before{display:none;}.wp-block-kadence-advancedbtn.kt-btns1138_990ca4-fb .kt-btn-wrap-0 .kt-button:hover, .wp-block-kadence-advancedbtn.kt-btns1138_990ca4-fb .kt-btn-wrap-0 .kt-button:focus{background:#444444;}<\/style>\n<div class=\"wp-block-kadence-advancedbtn kb-buttons-wrap kb-btns1138_990ca4-fb\"><style>ul.menu .wp-block-kadence-advancedbtn .kb-btn1138_fb6295-06.kb-button{width:initial;}.wp-block-kadence-advancedbtn .kb-btn1138_fb6295-06.kb-button{color:var(--global-palette3, #1A202C);background:var(--global-palette9, #ffffff);}<\/style><a class=\"kb-button kt-button button kb-btn1138_fb6295-06 kt-btn-size-standard kt-btn-width-type-auto kb-btn-global-fill  kt-btn-has-text-true kt-btn-has-svg-false  wp-block-kadence-singlebtn\" href=\"https:\/\/app.endurancerun.co\/inscripcion\/amateurs\/\" target=\"_blank\" rel=\"noreferrer noopener\"><span class=\"kt-btn-inner-text\">Inscr\u00edbete ahora<\/span><\/a><\/div>\n\n\n<style>.kb-image1138_3e70f9-59 .kb-image-has-overlay:after{opacity:0.3;}<\/style>\n<figure class=\"wp-block-kadence-image kb-image1138_3e70f9-59 size-large\"><img loading=\"lazy\" decoding=\"async\" width=\"1024\" height=\"576\" src=\"https:\/\/endurancerun.co\/wp-content\/uploads\/2026\/01\/WhatsApp-Image-2026-01-05-at-4.58.31-PM-1024x576.jpeg\" alt=\"\" class=\"kb-img wp-image-1147\" srcset=\"https:\/\/endurancerun.co\/wp-content\/uploads\/2026\/01\/WhatsApp-Image-2026-01-05-at-4.58.31-PM-1024x576.jpeg 1024w, https:\/\/endurancerun.co\/wp-content\/uploads\/2026\/01\/WhatsApp-Image-2026-01-05-at-4.58.31-PM-300x169.jpeg 300w, https:\/\/endurancerun.co\/wp-content\/uploads\/2026\/01\/WhatsApp-Image-2026-01-05-at-4.58.31-PM-768x432.jpeg 768w, https:\/\/endurancerun.co\/wp-content\/uploads\/2026\/01\/WhatsApp-Image-2026-01-05-at-4.58.31-PM-1536x864.jpeg 1536w, https:\/\/endurancerun.co\/wp-content\/uploads\/2026\/01\/WhatsApp-Image-2026-01-05-at-4.58.31-PM-1320x743.jpeg 1320w, https:\/\/endurancerun.co\/wp-content\/uploads\/2026\/01\/WhatsApp-Image-2026-01-05-at-4.58.31-PM-600x338.jpeg 600w, https:\/\/endurancerun.co\/wp-content\/uploads\/2026\/01\/WhatsApp-Image-2026-01-05-at-4.58.31-PM.jpeg 1600w\" sizes=\"auto, (max-width: 1024px) 100vw, 1024px\" \/><\/figure>\n<\/div><\/div>\n\n<\/div><\/div><\/div><\/div>\n\n<\/div><\/div>","protected":false},"excerpt":{"rendered":"<p>AMATEURS Donde la pasi\u00f3n supera los l\u00edmites. Este programa es para quienes encontraron en el running una fuente de vida, salud, alegr\u00eda y felicidad. Aqu\u00ed entrenan so\u00f1adores, guerreros cotidianos que persiguen sus propios r\u00e9cords, que se superan con cada zancada. Ya sea tu primer 5K, tu pr\u00f3ximo marat\u00f3n, 21k o trial, en Endurance Runners entrenamos&#8230;<\/p>\n","protected":false},"author":1,"featured_media":0,"parent":0,"menu_order":0,"comment_status":"closed","ping_status":"closed","template":"","meta":{"_kadence_starter_templates_imported_post":false,"_kad_post_transparent":"","_kad_post_title":"hide","_kad_post_layout":"","_kad_post_sidebar_id":"","_kad_post_content_style":"","_kad_post_vertical_padding":"","_kad_post_feature":"","_kad_post_feature_position":"","_kad_post_header":false,"_kad_post_footer":false,"_kad_post_classname":"","footnotes":""},"class_list":["post-1138","page","type-page","status-publish","hentry"],"jetpack_sharing_enabled":true,"_links":{"self":[{"href":"https:\/\/endurancerun.co\/index.php?rest_route=\/wp\/v2\/pages\/1138","targetHints":{"allow":["GET"]}}],"collection":[{"href":"https:\/\/endurancerun.co\/index.php?rest_route=\/wp\/v2\/pages"}],"about":[{"href":"https:\/\/endurancerun.co\/index.php?rest_route=\/wp\/v2\/types\/page"}],"author":[{"embeddable":true,"href":"https:\/\/endurancerun.co\/index.php?rest_route=\/wp\/v2\/users\/1"}],"replies":[{"embeddable":true,"href":"https:\/\/endurancerun.co\/index.php?rest_route=%2Fwp%2Fv2%2Fcomments&post=1138"}],"version-history":[{"count":10,"href":"https:\/\/endurancerun.co\/index.php?rest_route=\/wp\/v2\/pages\/1138\/revisions"}],"predecessor-version":[{"id":1192,"href":"https:\/\/endurancerun.co\/index.php?rest_route=\/wp\/v2\/pages\/1138\/revisions\/1192"}],"wp:attachment":[{"href":"https:\/\/endurancerun.co\/index.php?rest_route=%2Fwp%2Fv2%2Fmedia&parent=1138"}],"curies":[{"name":"wp","href":"https:\/\/api.w.org\/{rel}","templated":true}]}}